{"id":11501,"date":"2023-06-27T19:54:16","date_gmt":"2023-06-27T17:54:16","guid":{"rendered":"https:\/\/preweb.artyplan.com\/empresa\/"},"modified":"2025-11-21T12:34:48","modified_gmt":"2025-11-21T10:34:48","slug":"empresa","status":"publish","type":"page","link":"https:\/\/artyplanevents.com\/ca\/empresa\/","title":{"rendered":"Empresa"},"content":{"rendered":"\t\t<div data-elementor-type=\"wp-page\" data-elementor-id=\"11501\" class=\"elementor elementor-11501 elementor-156\" data-elementor-post-type=\"page\">\n\t\t\t\t<main class=\"elementor-element elementor-element-2c076ff e-con-full e-flex e-con e-parent\" data-id=\"2c076ff\" data-element_type=\"container\" data-e-type=\"container\">\n\t\t<div class=\"elementor-element elementor-element-2b996ff e-con-full e-flex e-con e-child\" data-id=\"2b996ff\" data-element_type=\"container\" data-e-type=\"container\">\n\t\t<div class=\"elementor-element elementor-element-e5a0086 e-flex e-con-boxed e-con e-child\" data-id=\"e5a0086\" data-element_type=\"container\" data-e-type=\"container\">\n\t\t\t\t\t<div class=\"e-con-inner\">\n\t\t\t\t<div class=\"elementor-element elementor-element-f793887 elementor-widget elementor-widget-heading\" data-id=\"f793887\" data-element_type=\"widget\" data-e-type=\"widget\" data-widget_type=\"heading.default\">\n\t\t\t\t<div class=\"elementor-widget-container\">\n\t\t\t\t\t<h1 class=\"elementor-heading-title elementor-size-default\">Empresa<\/h1>\t\t\t\t<\/div>\n\t\t\t\t<\/div>\n\t\t\t\t<div class=\"elementor-element elementor-element-896784d elementor-widget elementor-widget-breadcrumbs\" data-id=\"896784d\" data-element_type=\"widget\" data-e-type=\"widget\" data-widget_type=\"breadcrumbs.default\">\n\t\t\t\t<div class=\"elementor-widget-container\">\n\t\t\t\t\t<p id=\"breadcrumbs\"><span><span><a href=\"https:\/\/artyplanevents.com\/ca\/\">Artyplan<\/a><\/span><\/span><\/p>\t\t\t\t<\/div>\n\t\t\t\t<\/div>\n\t\t\t\t\t<\/div>\n\t\t\t\t<\/div>\n\t\t<section class=\"elementor-element elementor-element-e8aac8a e-flex e-con-boxed e-con e-child\" data-id=\"e8aac8a\" data-element_type=\"container\" data-e-type=\"container\">\n\t\t\t\t\t<div class=\"e-con-inner\">\n\t\t<article class=\"elementor-element elementor-element-da9940a e-con-full e-flex elementor-invisible e-con e-child\" data-id=\"da9940a\" data-element_type=\"container\" data-e-type=\"container\" data-settings=\"{&quot;animation&quot;:&quot;fadeInUp&quot;}\">\n\t\t\t\t<div class=\"elementor-element elementor-element-ef9025b elementor-widget__width-inherit elementor-position-top elementor-widget elementor-widget-image-box\" data-id=\"ef9025b\" data-element_type=\"widget\" data-e-type=\"widget\" data-widget_type=\"image-box.default\">\n\t\t\t\t<div class=\"elementor-widget-container\">\n\t\t\t\t\t<div class=\"elementor-image-box-wrapper\"><figure class=\"elementor-image-box-img\"><a href=\"https:\/\/artyplanevents.com\/ca\/empresa\/qui-som\/\" tabindex=\"-1\"><img fetchpriority=\"high\" decoding=\"async\" width=\"1152\" height=\"768\" src=\"https:\/\/artyplanevents.com\/wp-content\/uploads\/2025\/10\/quienes-somos.png\" class=\"elementor-animation-grow attachment-full size-full wp-image-11468\" alt=\"Qui som\" srcset=\"https:\/\/artyplanevents.com\/wp-content\/uploads\/2025\/10\/quienes-somos.png 1152w, https:\/\/artyplanevents.com\/wp-content\/uploads\/2025\/10\/quienes-somos-300x200.png 300w, https:\/\/artyplanevents.com\/wp-content\/uploads\/2025\/10\/quienes-somos-1024x683.png 1024w, https:\/\/artyplanevents.com\/wp-content\/uploads\/2025\/10\/quienes-somos-768x512.png 768w\" sizes=\"(max-width: 1152px) 100vw, 1152px\" \/><\/a><\/figure><div class=\"elementor-image-box-content\"><h2 class=\"elementor-image-box-title\"><a href=\"https:\/\/artyplanevents.com\/ca\/empresa\/qui-som\/\">Qui som<\/a><\/h2><\/div><\/div>\t\t\t\t<\/div>\n\t\t\t\t<\/div>\n\t\t\t\t<\/article>\n\t\t<article class=\"elementor-element elementor-element-9d1d7b5 e-con-full e-flex elementor-invisible e-con e-child\" data-id=\"9d1d7b5\" data-element_type=\"container\" data-e-type=\"container\" data-settings=\"{&quot;animation&quot;:&quot;fadeInUp&quot;,&quot;animation_delay&quot;:120}\">\n\t\t\t\t<div class=\"elementor-element elementor-element-61305a2 elementor-widget__width-inherit elementor-position-top elementor-widget elementor-widget-image-box\" data-id=\"61305a2\" data-element_type=\"widget\" data-e-type=\"widget\" data-widget_type=\"image-box.default\">\n\t\t\t\t<div class=\"elementor-widget-container\">\n\t\t\t\t\t<div class=\"elementor-image-box-wrapper\"><figure class=\"elementor-image-box-img\"><a href=\"https:\/\/artyplanevents.com\/ca\/empresa\/impressio-sostenible-green-print\/\" tabindex=\"-1\"><img decoding=\"async\" width=\"1152\" height=\"768\" src=\"https:\/\/artyplanevents.com\/wp-content\/uploads\/2025\/10\/green-print.png\" class=\"elementor-animation-grow attachment-full size-full wp-image-11481\" alt=\"Comprom\u00eds social\" srcset=\"https:\/\/artyplanevents.com\/wp-content\/uploads\/2025\/10\/green-print.png 1152w, https:\/\/artyplanevents.com\/wp-content\/uploads\/2025\/10\/green-print-300x200.png 300w, https:\/\/artyplanevents.com\/wp-content\/uploads\/2025\/10\/green-print-1024x683.png 1024w, https:\/\/artyplanevents.com\/wp-content\/uploads\/2025\/10\/green-print-768x512.png 768w\" sizes=\"(max-width: 1152px) 100vw, 1152px\" \/><\/a><\/figure><div class=\"elementor-image-box-content\"><h2 class=\"elementor-image-box-title\"><a href=\"https:\/\/artyplanevents.com\/ca\/empresa\/impressio-sostenible-green-print\/\">Impressi\u00f3 sostenible \/ Green Print<\/a><\/h2><\/div><\/div>\t\t\t\t<\/div>\n\t\t\t\t<\/div>\n\t\t\t\t<\/article>\n\t\t<article class=\"elementor-element elementor-element-7fc3330 e-con-full e-flex elementor-invisible e-con e-child\" data-id=\"7fc3330\" data-element_type=\"container\" data-e-type=\"container\" data-settings=\"{&quot;animation&quot;:&quot;fadeInUp&quot;,&quot;animation_delay&quot;:240}\">\n\t\t\t\t<div class=\"elementor-element elementor-element-3893c04 elementor-widget__width-inherit elementor-position-top elementor-widget elementor-widget-image-box\" data-id=\"3893c04\" data-element_type=\"widget\" data-e-type=\"widget\" data-widget_type=\"image-box.default\">\n\t\t\t\t<div class=\"elementor-widget-container\">\n\t\t\t\t\t<div class=\"elementor-image-box-wrapper\"><figure class=\"elementor-image-box-img\"><a href=\"https:\/\/artyplanevents.com\/ca\/empresa\/compromis-social\/\" tabindex=\"-1\"><img decoding=\"async\" width=\"1152\" height=\"768\" src=\"https:\/\/artyplanevents.com\/wp-content\/uploads\/2025\/10\/comopromiso-social.png\" class=\"elementor-animation-grow attachment-full size-full wp-image-11483\" alt=\"Comprom\u00eds social\" \/><\/a><\/figure><div class=\"elementor-image-box-content\"><h2 class=\"elementor-image-box-title\"><a href=\"https:\/\/artyplanevents.com\/ca\/empresa\/compromis-social\/\">Comprom\u00eds social<\/a><\/h2><\/div><\/div>\t\t\t\t<\/div>\n\t\t\t\t<\/div>\n\t\t\t\t<\/article>\n\t\t\t\t\t<\/div>\n\t\t\t\t<\/section>\n\t\t<section class=\"elementor-element elementor-element-d8a29a3 e-con-full e-flex e-con e-child\" data-id=\"d8a29a3\" data-element_type=\"container\" data-e-type=\"container\" data-settings=\"{&quot;background_background&quot;:&quot;classic&quot;}\">\n\t\t<div class=\"elementor-element elementor-element-8d9042f e-con-full e-flex e-con e-child\" data-id=\"8d9042f\" data-element_type=\"container\" data-e-type=\"container\">\n\t\t\t\t<div class=\"elementor-element elementor-element-c55c172 elementor-widget__width-initial elementor-invisible elementor-widget elementor-widget-heading\" data-id=\"c55c172\" data-element_type=\"widget\" data-e-type=\"widget\" data-settings=\"{&quot;_animation&quot;:&quot;fadeInUp&quot;,&quot;_animation_delay&quot;:240}\" data-widget_type=\"heading.default\">\n\t\t\t\t<div class=\"elementor-widget-container\">\n\t\t\t\t\t<h2 class=\"elementor-heading-title elementor-size-default\">NO TROBES EL QUE BUSQUES? <\/h2>\t\t\t\t<\/div>\n\t\t\t\t<\/div>\n\t\t\t\t<div class=\"elementor-element elementor-element-54d5aa3 elementor-widget__width-initial elementor-widget elementor-widget-heading\" data-id=\"54d5aa3\" data-element_type=\"widget\" data-e-type=\"widget\" data-settings=\"{&quot;_animation&quot;:&quot;none&quot;,&quot;_animation_delay&quot;:480}\" data-widget_type=\"heading.default\">\n\t\t\t\t<div class=\"elementor-widget-container\">\n\t\t\t\t\t<h3 class=\"elementor-heading-title elementor-size-default\">No ho dubtis i contacta\u2019ns. Et podem ajudar.  <\/h3>\t\t\t\t<\/div>\n\t\t\t\t<\/div>\n\t\t\t\t<div class=\"elementor-element elementor-element-829d0c2 elementor-align-center elementor-widget-mobile__width-inherit animated-fast elementor-invisible elementor-widget elementor-widget-button\" data-id=\"829d0c2\" data-element_type=\"widget\" data-e-type=\"widget\" data-settings=\"{&quot;_animation&quot;:&quot;fadeInDown&quot;,&quot;_animation_delay&quot;:0}\" data-widget_type=\"button.default\">\n\t\t\t\t<div class=\"elementor-widget-container\">\n\t\t\t\t\t\t\t\t\t<div class=\"elementor-button-wrapper\">\n\t\t\t\t\t<a class=\"elementor-button elementor-button-link elementor-size-md\" href=\"https:\/\/artyplanevents.com\/ca\/contacte\/\">\n\t\t\t\t\t\t<span class=\"elementor-button-content-wrapper\">\n\t\t\t\t\t\t<span class=\"elementor-button-icon\">\n\t\t\t\t<i aria-hidden=\"true\" class=\"fas fa-comments\"><\/i>\t\t\t<\/span>\n\t\t\t\t\t\t\t\t\t<span class=\"elementor-button-text\">Parla amb un expert<\/span>\n\t\t\t\t\t<\/span>\n\t\t\t\t\t<\/a>\n\t\t\t\t<\/div>\n\t\t\t\t\t\t\t\t<\/div>\n\t\t\t\t<\/div>\n\t\t\t\t<\/div>\n\t\t\t\t<\/section>\n\t\t\t\t<\/div>\n\t\t\t\t<\/main>\n\t\t\t\t<\/div>\n\t\t","protected":false},"excerpt":{"rendered":"<p>Empresa Qui som Impressi\u00f3 sostenible \/ Green Print Comprom\u00eds social NO TROBES EL QUE BUSQUES? No ho dubtis i contacta\u2019ns. Et podem ajudar. Parla amb un expert<\/p>\n","protected":false},"author":1,"featured_media":0,"parent":0,"menu_order":0,"comment_status":"closed","ping_status":"closed","template":"elementor_header_footer","meta":{"footnotes":""},"class_list":["post-11501","page","type-page","status-publish","hentry"],"yoast_head":"<!-- This site is optimized with the Yoast SEO plugin v27.4 - https:\/\/yoast.com\/product\/yoast-seo-wordpress\/ -->\n<title>Qui som - Artyplan<\/title>\n<meta name=\"description\" content=\"Empresa Artyplan, producci\u00f3 gr\u00e0fica. Serveis integrals de comunicaci\u00f3 visual, impressi\u00f3 en gran format, emmagatzematge i log\u00edstica\" \/>\n<meta name=\"robots\" content=\"noindex, follow, max-snippet:-1, max-image-preview:large, max-video-preview:-1\" \/>\n<meta property=\"og:locale\" content=\"ca_ES\" \/>\n<meta property=\"og:type\" content=\"article\" \/>\n<meta property=\"og:title\" content=\"Qui som - Artyplan\" \/>\n<meta property=\"og:description\" content=\"Empresa Artyplan, producci\u00f3 gr\u00e0fica. Serveis integrals de comunicaci\u00f3 visual, impressi\u00f3 en gran format, emmagatzematge i log\u00edstica\" \/>\n<meta property=\"og:url\" content=\"https:\/\/artyplanevents.com\/ca\/empresa\/\" \/>\n<meta property=\"og:site_name\" content=\"Artyplan\" \/>\n<meta property=\"article:publisher\" content=\"https:\/\/www.facebook.com\/artyplan\" \/>\n<meta property=\"article:modified_time\" content=\"2025-11-21T10:34:48+00:00\" \/>\n<meta property=\"og:image\" content=\"https:\/\/preweb.artyplan.com\/wp-content\/uploads\/2025\/10\/quienes-somos.png\" \/>\n<meta name=\"twitter:card\" content=\"summary_large_image\" \/>\n<meta name=\"twitter:site\" content=\"@artyplan\" \/>\n<script type=\"application\/ld+json\" class=\"yoast-schema-graph\">{\"@context\":\"https:\\\/\\\/schema.org\",\"@graph\":[{\"@type\":\"WebPage\",\"@id\":\"https:\\\/\\\/artyplanevents.com\\\/ca\\\/empresa\\\/\",\"url\":\"https:\\\/\\\/artyplanevents.com\\\/ca\\\/empresa\\\/\",\"name\":\"Qui som - Artyplan\",\"isPartOf\":{\"@id\":\"https:\\\/\\\/artyplanevents.com\\\/ca\\\/#website\"},\"primaryImageOfPage\":{\"@id\":\"https:\\\/\\\/artyplanevents.com\\\/ca\\\/empresa\\\/#primaryimage\"},\"image\":{\"@id\":\"https:\\\/\\\/artyplanevents.com\\\/ca\\\/empresa\\\/#primaryimage\"},\"thumbnailUrl\":\"https:\\\/\\\/preweb.artyplan.com\\\/wp-content\\\/uploads\\\/2025\\\/10\\\/quienes-somos.png\",\"datePublished\":\"2023-06-27T17:54:16+00:00\",\"dateModified\":\"2025-11-21T10:34:48+00:00\",\"description\":\"Empresa Artyplan, producci\u00f3 gr\u00e0fica. Serveis integrals de comunicaci\u00f3 visual, impressi\u00f3 en gran format, emmagatzematge i log\u00edstica\",\"breadcrumb\":{\"@id\":\"https:\\\/\\\/artyplanevents.com\\\/ca\\\/empresa\\\/#breadcrumb\"},\"inLanguage\":\"ca\",\"potentialAction\":[{\"@type\":\"ReadAction\",\"target\":[\"https:\\\/\\\/artyplanevents.com\\\/ca\\\/empresa\\\/\"]}]},{\"@type\":\"ImageObject\",\"inLanguage\":\"ca\",\"@id\":\"https:\\\/\\\/artyplanevents.com\\\/ca\\\/empresa\\\/#primaryimage\",\"url\":\"https:\\\/\\\/preweb.artyplan.com\\\/wp-content\\\/uploads\\\/2025\\\/10\\\/quienes-somos.png\",\"contentUrl\":\"https:\\\/\\\/preweb.artyplan.com\\\/wp-content\\\/uploads\\\/2025\\\/10\\\/quienes-somos.png\"},{\"@type\":\"BreadcrumbList\",\"@id\":\"https:\\\/\\\/artyplanevents.com\\\/ca\\\/empresa\\\/#breadcrumb\",\"itemListElement\":[{\"@type\":\"ListItem\",\"position\":1,\"name\":\"Artyplan\",\"item\":\"https:\\\/\\\/artyplanevents.com\\\/ca\\\/\"},{\"@type\":\"ListItem\",\"position\":2,\"name\":\"Empresa\"}]},{\"@type\":\"WebSite\",\"@id\":\"https:\\\/\\\/artyplanevents.com\\\/ca\\\/#website\",\"url\":\"https:\\\/\\\/artyplanevents.com\\\/ca\\\/\",\"name\":\"Artyplan\",\"description\":\"\",\"publisher\":{\"@id\":\"https:\\\/\\\/artyplanevents.com\\\/ca\\\/#organization\"},\"potentialAction\":[{\"@type\":\"SearchAction\",\"target\":{\"@type\":\"EntryPoint\",\"urlTemplate\":\"https:\\\/\\\/artyplanevents.com\\\/ca\\\/?s={search_term_string}\"},\"query-input\":{\"@type\":\"PropertyValueSpecification\",\"valueRequired\":true,\"valueName\":\"search_term_string\"}}],\"inLanguage\":\"ca\"},{\"@type\":\"Organization\",\"@id\":\"https:\\\/\\\/artyplanevents.com\\\/ca\\\/#organization\",\"name\":\"Artyplan\",\"url\":\"https:\\\/\\\/artyplanevents.com\\\/ca\\\/\",\"logo\":{\"@type\":\"ImageObject\",\"inLanguage\":\"ca\",\"@id\":\"https:\\\/\\\/artyplanevents.com\\\/ca\\\/#\\\/schema\\\/logo\\\/image\\\/\",\"url\":\"https:\\\/\\\/preweb.artyplan.com\\\/wp-content\\\/uploads\\\/2025\\\/11\\\/Logo-artyplan-690x690-1.png\",\"contentUrl\":\"https:\\\/\\\/preweb.artyplan.com\\\/wp-content\\\/uploads\\\/2025\\\/11\\\/Logo-artyplan-690x690-1.png\",\"width\":690,\"height\":690,\"caption\":\"Artyplan\"},\"image\":{\"@id\":\"https:\\\/\\\/artyplanevents.com\\\/ca\\\/#\\\/schema\\\/logo\\\/image\\\/\"},\"sameAs\":[\"https:\\\/\\\/www.facebook.com\\\/artyplan\",\"https:\\\/\\\/x.com\\\/artyplan\"]}]}<\/script>\n<!-- \/ Yoast SEO plugin. -->","yoast_head_json":{"title":"Qui som - Artyplan","description":"Empresa Artyplan, producci\u00f3 gr\u00e0fica. Serveis integrals de comunicaci\u00f3 visual, impressi\u00f3 en gran format, emmagatzematge i log\u00edstica","robots":{"index":"noindex","follow":"follow","max-snippet":"max-snippet:-1","max-image-preview":"max-image-preview:large","max-video-preview":"max-video-preview:-1"},"og_locale":"ca_ES","og_type":"article","og_title":"Qui som - Artyplan","og_description":"Empresa Artyplan, producci\u00f3 gr\u00e0fica. Serveis integrals de comunicaci\u00f3 visual, impressi\u00f3 en gran format, emmagatzematge i log\u00edstica","og_url":"https:\/\/artyplanevents.com\/ca\/empresa\/","og_site_name":"Artyplan","article_publisher":"https:\/\/www.facebook.com\/artyplan","article_modified_time":"2025-11-21T10:34:48+00:00","og_image":[{"url":"https:\/\/preweb.artyplan.com\/wp-content\/uploads\/2025\/10\/quienes-somos.png","type":"","width":"","height":""}],"twitter_card":"summary_large_image","twitter_site":"@artyplan","schema":{"@context":"https:\/\/schema.org","@graph":[{"@type":"WebPage","@id":"https:\/\/artyplanevents.com\/ca\/empresa\/","url":"https:\/\/artyplanevents.com\/ca\/empresa\/","name":"Qui som - Artyplan","isPartOf":{"@id":"https:\/\/artyplanevents.com\/ca\/#website"},"primaryImageOfPage":{"@id":"https:\/\/artyplanevents.com\/ca\/empresa\/#primaryimage"},"image":{"@id":"https:\/\/artyplanevents.com\/ca\/empresa\/#primaryimage"},"thumbnailUrl":"https:\/\/preweb.artyplan.com\/wp-content\/uploads\/2025\/10\/quienes-somos.png","datePublished":"2023-06-27T17:54:16+00:00","dateModified":"2025-11-21T10:34:48+00:00","description":"Empresa Artyplan, producci\u00f3 gr\u00e0fica. Serveis integrals de comunicaci\u00f3 visual, impressi\u00f3 en gran format, emmagatzematge i log\u00edstica","breadcrumb":{"@id":"https:\/\/artyplanevents.com\/ca\/empresa\/#breadcrumb"},"inLanguage":"ca","potentialAction":[{"@type":"ReadAction","target":["https:\/\/artyplanevents.com\/ca\/empresa\/"]}]},{"@type":"ImageObject","inLanguage":"ca","@id":"https:\/\/artyplanevents.com\/ca\/empresa\/#primaryimage","url":"https:\/\/preweb.artyplan.com\/wp-content\/uploads\/2025\/10\/quienes-somos.png","contentUrl":"https:\/\/preweb.artyplan.com\/wp-content\/uploads\/2025\/10\/quienes-somos.png"},{"@type":"BreadcrumbList","@id":"https:\/\/artyplanevents.com\/ca\/empresa\/#breadcrumb","itemListElement":[{"@type":"ListItem","position":1,"name":"Artyplan","item":"https:\/\/artyplanevents.com\/ca\/"},{"@type":"ListItem","position":2,"name":"Empresa"}]},{"@type":"WebSite","@id":"https:\/\/artyplanevents.com\/ca\/#website","url":"https:\/\/artyplanevents.com\/ca\/","name":"Artyplan","description":"","publisher":{"@id":"https:\/\/artyplanevents.com\/ca\/#organization"},"potentialAction":[{"@type":"SearchAction","target":{"@type":"EntryPoint","urlTemplate":"https:\/\/artyplanevents.com\/ca\/?s={search_term_string}"},"query-input":{"@type":"PropertyValueSpecification","valueRequired":true,"valueName":"search_term_string"}}],"inLanguage":"ca"},{"@type":"Organization","@id":"https:\/\/artyplanevents.com\/ca\/#organization","name":"Artyplan","url":"https:\/\/artyplanevents.com\/ca\/","logo":{"@type":"ImageObject","inLanguage":"ca","@id":"https:\/\/artyplanevents.com\/ca\/#\/schema\/logo\/image\/","url":"https:\/\/preweb.artyplan.com\/wp-content\/uploads\/2025\/11\/Logo-artyplan-690x690-1.png","contentUrl":"https:\/\/preweb.artyplan.com\/wp-content\/uploads\/2025\/11\/Logo-artyplan-690x690-1.png","width":690,"height":690,"caption":"Artyplan"},"image":{"@id":"https:\/\/artyplanevents.com\/ca\/#\/schema\/logo\/image\/"},"sameAs":["https:\/\/www.facebook.com\/artyplan","https:\/\/x.com\/artyplan"]}]}},"_links":{"self":[{"href":"https:\/\/artyplanevents.com\/ca\/wp-json\/wp\/v2\/pages\/11501","targetHints":{"allow":["GET"]}}],"collection":[{"href":"https:\/\/artyplanevents.com\/ca\/wp-json\/wp\/v2\/pages"}],"about":[{"href":"https:\/\/artyplanevents.com\/ca\/wp-json\/wp\/v2\/types\/page"}],"author":[{"embeddable":true,"href":"https:\/\/artyplanevents.com\/ca\/wp-json\/wp\/v2\/users\/1"}],"replies":[{"embeddable":true,"href":"https:\/\/artyplanevents.com\/ca\/wp-json\/wp\/v2\/comments?post=11501"}],"version-history":[{"count":6,"href":"https:\/\/artyplanevents.com\/ca\/wp-json\/wp\/v2\/pages\/11501\/revisions"}],"predecessor-version":[{"id":12936,"href":"https:\/\/artyplanevents.com\/ca\/wp-json\/wp\/v2\/pages\/11501\/revisions\/12936"}],"wp:attachment":[{"href":"https:\/\/artyplanevents.com\/ca\/wp-json\/wp\/v2\/media?parent=11501"}],"curies":[{"name":"wp","href":"https:\/\/api.w.org\/{rel}","templated":true}]}}