{"id":11533,"date":"2025-09-11T09:40:07","date_gmt":"2025-09-11T07:40:07","guid":{"rendered":"https:\/\/preweb.artyplan.com\/cases-dexit\/"},"modified":"2025-11-11T13:37:07","modified_gmt":"2025-11-11T11:37:07","slug":"cases-dexit","status":"publish","type":"page","link":"https:\/\/artyplanevents.com\/ca\/projectes\/casos-dexit\/","title":{"rendered":"Cases d\u2019\u00e8xit"},"content":{"rendered":"\t\t<div data-elementor-type=\"wp-page\" data-elementor-id=\"11533\" class=\"elementor elementor-11533 elementor-8668\" data-elementor-post-type=\"page\">\n\t\t\t\t<div class=\"elementor-element elementor-element-192ea40 e-con-full e-flex e-con e-parent\" data-id=\"192ea40\" data-element_type=\"container\" data-e-type=\"container\">\n\t\t<div class=\"elementor-element elementor-element-7fc6a42 e-con-full e-flex e-con e-child\" data-id=\"7fc6a42\" data-element_type=\"container\" data-e-type=\"container\">\n\t\t<div class=\"elementor-element elementor-element-0421c0a e-flex e-con-boxed e-con e-child\" data-id=\"0421c0a\" data-element_type=\"container\" data-e-type=\"container\">\n\t\t\t\t\t<div class=\"e-con-inner\">\n\t\t\t\t<div class=\"elementor-element elementor-element-e70e8b3 elementor-widget elementor-widget-heading\" data-id=\"e70e8b3\" data-element_type=\"widget\" data-e-type=\"widget\" data-widget_type=\"heading.default\">\n\t\t\t\t<div class=\"elementor-widget-container\">\n\t\t\t\t\t<h1 class=\"elementor-heading-title elementor-size-default\">Cases d\u2019\u00e8xit<\/h1>\t\t\t\t<\/div>\n\t\t\t\t<\/div>\n\t\t\t\t\t<\/div>\n\t\t\t\t<\/div>\n\t\t\t\t<\/div>\n\t\t\t\t<\/div>\n\t\t<div class=\"elementor-element elementor-element-2287d84 e-flex e-con-boxed e-con e-parent\" data-id=\"2287d84\" data-element_type=\"container\" data-e-type=\"container\">\n\t\t\t\t\t<div class=\"e-con-inner\">\n\t\t<div class=\"elementor-element elementor-element-8a92b4f e-flex e-con-boxed e-con e-child\" data-id=\"8a92b4f\" data-element_type=\"container\" data-e-type=\"container\">\n\t\t\t\t\t<div class=\"e-con-inner\">\n\t\t<div class=\"elementor-element elementor-element-9de9950 e-flex e-con-boxed e-con e-child\" data-id=\"9de9950\" data-element_type=\"container\" data-e-type=\"container\">\n\t\t\t\t\t<div class=\"e-con-inner\">\n\t\t\t\t<div class=\"elementor-element elementor-element-70ac30c elementor-widget__width-initial elementor-headline--style-highlight elementor-widget elementor-widget-animated-headline\" data-id=\"70ac30c\" data-element_type=\"widget\" data-e-type=\"widget\" data-settings=\"{&quot;marker&quot;:&quot;underline&quot;,&quot;highlighted_text&quot;:&quot;ayudamos&quot;,&quot;headline_style&quot;:&quot;highlight&quot;,&quot;loop&quot;:&quot;yes&quot;,&quot;highlight_animation_duration&quot;:1200,&quot;highlight_iteration_delay&quot;:8000}\" data-widget_type=\"animated-headline.default\">\n\t\t\t\t<div class=\"elementor-widget-container\">\n\t\t\t\t\t\t\t<h2 class=\"elementor-headline\">\n\t\t\t\t\t<span class=\"elementor-headline-plain-text elementor-headline-text-wrapper\">Et presentem alguns clients als quals<\/span>\n\t\t\t\t<span class=\"elementor-headline-dynamic-wrapper elementor-headline-text-wrapper\">\n\t\t\t\t\t<span class=\"elementor-headline-dynamic-text elementor-headline-text-active\">ayudamos<\/span>\n\t\t\t\t<\/span>\n\t\t\t\t<\/h2>\n\t\t\t\t\t\t<\/div>\n\t\t\t\t<\/div>\n\t\t\t\t<div class=\"elementor-element elementor-element-a8db348 elementor-grid-4 elementor-grid-tablet-2 elementor-grid-mobile-1 elementor-posts--thumbnail-top elementor-widget elementor-widget-posts\" data-id=\"a8db348\" data-element_type=\"widget\" data-e-type=\"widget\" data-settings=\"{&quot;classic_columns&quot;:&quot;4&quot;,&quot;classic_row_gap&quot;:{&quot;unit&quot;:&quot;px&quot;,&quot;size&quot;:24,&quot;sizes&quot;:[]},&quot;pagination_type&quot;:&quot;numbers&quot;,&quot;classic_columns_tablet&quot;:&quot;2&quot;,&quot;classic_columns_mobile&quot;:&quot;1&quot;,&quot;classic_row_gap_widescreen&quot;:{&quot;unit&quot;:&quot;px&quot;,&quot;size&quot;:&quot;&quot;,&quot;sizes&quot;:[]},&quot;classic_row_gap_laptop&quot;:{&quot;unit&quot;:&quot;px&quot;,&quot;size&quot;:&quot;&quot;,&quot;sizes&quot;:[]},&quot;classic_row_gap_tablet&quot;:{&quot;unit&quot;:&quot;px&quot;,&quot;size&quot;:&quot;&quot;,&quot;sizes&quot;:[]},&quot;classic_row_gap_mobile&quot;:{&quot;unit&quot;:&quot;px&quot;,&quot;size&quot;:&quot;&quot;,&quot;sizes&quot;:[]}}\" data-widget_type=\"posts.classic\">\n\t\t\t\t<div class=\"elementor-widget-container\">\n\t\t\t\t\t\t\t<div class=\"elementor-posts-container elementor-posts elementor-posts--skin-classic elementor-grid\" role=\"list\">\n\t\t\t\t<article class=\"elementor-post elementor-grid-item post-11612 casos-de-exito type-casos-de-exito status-publish has-post-thumbnail hentry categoria-casos-digitalizacion\" role=\"listitem\">\n\t\t\t\t<a class=\"elementor-post__thumbnail__link\" href=\"https:\/\/artyplanevents.com\/ca\/casos-d-exit\/entitat-autonoma-del-diari-oficial-i-publicacions-eadop-de-la-generalitat\/\" tabindex=\"-1\" >\n\t\t\t<div class=\"elementor-post__thumbnail\"><img fetchpriority=\"high\" decoding=\"async\" width=\"800\" height=\"534\" src=\"https:\/\/artyplanevents.com\/wp-content\/uploads\/2023\/06\/placeholder-2-1024x683.png\" class=\"attachment-large size-large wp-image-13096\" alt=\"Placeholder\" srcset=\"https:\/\/artyplanevents.com\/wp-content\/uploads\/2023\/06\/placeholder-2-1024x683.png 1024w, https:\/\/artyplanevents.com\/wp-content\/uploads\/2023\/06\/placeholder-2-300x200.png 300w, https:\/\/artyplanevents.com\/wp-content\/uploads\/2023\/06\/placeholder-2-768x512.png 768w, https:\/\/artyplanevents.com\/wp-content\/uploads\/2023\/06\/placeholder-2.png 1200w\" sizes=\"(max-width: 800px) 100vw, 800px\" \/><\/div>\n\t\t<\/a>\n\t\t\t\t<div class=\"elementor-post__text\">\n\t\t\t\t<h3 class=\"elementor-post__title\">\n\t\t\t<a href=\"https:\/\/artyplanevents.com\/ca\/casos-d-exit\/entitat-autonoma-del-diari-oficial-i-publicacions-eadop-de-la-generalitat\/\" >\n\t\t\t\tEntitat Aut\u00f2noma del Diari Oficial i Publicacions (EADOP) de la Generalitat\t\t\t<\/a>\n\t\t<\/h3>\n\t\t\t\t<\/div>\n\t\t\t\t<\/article>\n\t\t\t\t<article class=\"elementor-post elementor-grid-item post-11607 casos-de-exito type-casos-de-exito status-publish has-post-thumbnail hentry\" role=\"listitem\">\n\t\t\t\t<a class=\"elementor-post__thumbnail__link\" href=\"https:\/\/artyplanevents.com\/ca\/casos-d-exit\/impressio-comercial-i-marxandatge-per-a-la-plataforma-en-linia-bookiply\/\" tabindex=\"-1\" >\n\t\t\t<div class=\"elementor-post__thumbnail\"><img fetchpriority=\"high\" decoding=\"async\" width=\"800\" height=\"534\" src=\"https:\/\/artyplanevents.com\/wp-content\/uploads\/2023\/06\/placeholder-2-1024x683.png\" class=\"attachment-large size-large wp-image-13096\" alt=\"Placeholder\" srcset=\"https:\/\/artyplanevents.com\/wp-content\/uploads\/2023\/06\/placeholder-2-1024x683.png 1024w, https:\/\/artyplanevents.com\/wp-content\/uploads\/2023\/06\/placeholder-2-300x200.png 300w, https:\/\/artyplanevents.com\/wp-content\/uploads\/2023\/06\/placeholder-2-768x512.png 768w, https:\/\/artyplanevents.com\/wp-content\/uploads\/2023\/06\/placeholder-2.png 1200w\" sizes=\"(max-width: 800px) 100vw, 800px\" \/><\/div>\n\t\t<\/a>\n\t\t\t\t<div class=\"elementor-post__text\">\n\t\t\t\t<h3 class=\"elementor-post__title\">\n\t\t\t<a href=\"https:\/\/artyplanevents.com\/ca\/casos-d-exit\/impressio-comercial-i-marxandatge-per-a-la-plataforma-en-linia-bookiply\/\" >\n\t\t\t\tImpressi\u00f3 comercial i marxandatge per a la plataforma en l\u00ednia Bookiply\t\t\t<\/a>\n\t\t<\/h3>\n\t\t\t\t<\/div>\n\t\t\t\t<\/article>\n\t\t\t\t<article class=\"elementor-post elementor-grid-item post-11596 casos-de-exito type-casos-de-exito status-publish has-post-thumbnail hentry\" role=\"listitem\">\n\t\t\t\t<a class=\"elementor-post__thumbnail__link\" href=\"https:\/\/artyplanevents.com\/ca\/casos-d-exit\/retolacio-i-decoracio-de-les-instal-lacions-del-gimnas-synergym\/\" tabindex=\"-1\" >\n\t\t\t<div class=\"elementor-post__thumbnail\"><img fetchpriority=\"high\" decoding=\"async\" width=\"800\" height=\"534\" src=\"https:\/\/artyplanevents.com\/wp-content\/uploads\/2023\/06\/placeholder-2-1024x683.png\" class=\"attachment-large size-large wp-image-13096\" alt=\"Placeholder\" srcset=\"https:\/\/artyplanevents.com\/wp-content\/uploads\/2023\/06\/placeholder-2-1024x683.png 1024w, https:\/\/artyplanevents.com\/wp-content\/uploads\/2023\/06\/placeholder-2-300x200.png 300w, https:\/\/artyplanevents.com\/wp-content\/uploads\/2023\/06\/placeholder-2-768x512.png 768w, https:\/\/artyplanevents.com\/wp-content\/uploads\/2023\/06\/placeholder-2.png 1200w\" sizes=\"(max-width: 800px) 100vw, 800px\" \/><\/div>\n\t\t<\/a>\n\t\t\t\t<div class=\"elementor-post__text\">\n\t\t\t\t<h3 class=\"elementor-post__title\">\n\t\t\t<a href=\"https:\/\/artyplanevents.com\/ca\/casos-d-exit\/retolacio-i-decoracio-de-les-instal-lacions-del-gimnas-synergym\/\" >\n\t\t\t\tRetolaci\u00f3 i decoraci\u00f3 de les instal\u00b7lacions del gimn\u00e0s Synergym\t\t\t<\/a>\n\t\t<\/h3>\n\t\t\t\t<\/div>\n\t\t\t\t<\/article>\n\t\t\t\t<article class=\"elementor-post elementor-grid-item post-11595 casos-de-exito type-casos-de-exito status-publish has-post-thumbnail hentry\" role=\"listitem\">\n\t\t\t\t<a class=\"elementor-post__thumbnail__link\" href=\"https:\/\/artyplanevents.com\/ca\/casos-d-exit\/farmapremium\/\" tabindex=\"-1\" >\n\t\t\t<div class=\"elementor-post__thumbnail\"><img fetchpriority=\"high\" decoding=\"async\" width=\"800\" height=\"534\" src=\"https:\/\/artyplanevents.com\/wp-content\/uploads\/2023\/06\/placeholder-2-1024x683.png\" class=\"attachment-large size-large wp-image-13096\" alt=\"Placeholder\" srcset=\"https:\/\/artyplanevents.com\/wp-content\/uploads\/2023\/06\/placeholder-2-1024x683.png 1024w, https:\/\/artyplanevents.com\/wp-content\/uploads\/2023\/06\/placeholder-2-300x200.png 300w, https:\/\/artyplanevents.com\/wp-content\/uploads\/2023\/06\/placeholder-2-768x512.png 768w, https:\/\/artyplanevents.com\/wp-content\/uploads\/2023\/06\/placeholder-2.png 1200w\" sizes=\"(max-width: 800px) 100vw, 800px\" \/><\/div>\n\t\t<\/a>\n\t\t\t\t<div class=\"elementor-post__text\">\n\t\t\t\t<h3 class=\"elementor-post__title\">\n\t\t\t<a href=\"https:\/\/artyplanevents.com\/ca\/casos-d-exit\/farmapremium\/\" >\n\t\t\t\tFarmapremium\t\t\t<\/a>\n\t\t<\/h3>\n\t\t\t\t<\/div>\n\t\t\t\t<\/article>\n\t\t\t\t<\/div>\n\t\t\n\t\t\t\t\t\t<\/div>\n\t\t\t\t<\/div>\n\t\t\t\t\t<\/div>\n\t\t\t\t<\/div>\n\t\t\t\t\t<\/div>\n\t\t\t\t<\/div>\n\t\t\t\t\t<\/div>\n\t\t\t\t<\/div>\n\t\t\t\t<\/div>\n\t\t","protected":false},"excerpt":{"rendered":"<p>Cases d\u2019\u00e8xit Et presentem alguns clients als quals ayudamos<\/p>\n","protected":false},"author":4,"featured_media":4770,"parent":11593,"menu_order":0,"comment_status":"closed","ping_status":"closed","template":"elementor_header_footer","meta":{"footnotes":""},"class_list":["post-11533","page","type-page","status-publish","has-post-thumbnail","hentry"],"yoast_head":"<!-- This site is optimized with the Yoast SEO plugin v27.4 - https:\/\/yoast.com\/product\/yoast-seo-wordpress\/ -->\n<title>Cases d\u2019\u00e8xit - Artyplan<\/title>\n<meta name=\"description\" content=\"Des de la idea fins al punt de venda: assessoria t\u00e8cnica, impressi\u00f3 premium, acabats professionals i lliuraments puntuals amb Artyplan.\" \/>\n<meta name=\"robots\" content=\"noindex, follow, max-snippet:-1, max-image-preview:large, max-video-preview:-1\" \/>\n<meta property=\"og:locale\" content=\"ca_ES\" \/>\n<meta property=\"og:type\" content=\"article\" \/>\n<meta property=\"og:title\" content=\"Cases d\u2019\u00e8xit - Artyplan\" \/>\n<meta property=\"og:description\" content=\"Des de la idea fins al punt de venda: assessoria t\u00e8cnica, impressi\u00f3 premium, acabats professionals i lliuraments puntuals amb Artyplan.\" \/>\n<meta property=\"og:url\" content=\"https:\/\/artyplanevents.com\/ca\/projectes\/casos-dexit\/\" \/>\n<meta property=\"og:site_name\" content=\"Artyplan\" \/>\n<meta property=\"article:publisher\" content=\"https:\/\/www.facebook.com\/artyplan\" \/>\n<meta property=\"article:modified_time\" content=\"2025-11-11T11:37:07+00:00\" \/>\n<meta property=\"og:image\" content=\"https:\/\/artyplanevents.com\/wp-content\/uploads\/2025\/09\/casos-exito.png\" \/>\n\t<meta property=\"og:image:width\" content=\"1344\" \/>\n\t<meta property=\"og:image:height\" content=\"768\" \/>\n\t<meta property=\"og:image:type\" content=\"image\/png\" \/>\n<meta name=\"twitter:card\" content=\"summary_large_image\" \/>\n<meta name=\"twitter:site\" content=\"@artyplan\" \/>\n<script type=\"application\/ld+json\" class=\"yoast-schema-graph\">{\"@context\":\"https:\\\/\\\/schema.org\",\"@graph\":[{\"@type\":\"WebPage\",\"@id\":\"https:\\\/\\\/artyplanevents.com\\\/ca\\\/projectes\\\/casos-dexit\\\/\",\"url\":\"https:\\\/\\\/artyplanevents.com\\\/ca\\\/projectes\\\/casos-dexit\\\/\",\"name\":\"Cases d\u2019\u00e8xit - Artyplan\",\"isPartOf\":{\"@id\":\"https:\\\/\\\/artyplanevents.com\\\/ca\\\/#website\"},\"primaryImageOfPage\":{\"@id\":\"https:\\\/\\\/artyplanevents.com\\\/ca\\\/projectes\\\/casos-dexit\\\/#primaryimage\"},\"image\":{\"@id\":\"https:\\\/\\\/artyplanevents.com\\\/ca\\\/projectes\\\/casos-dexit\\\/#primaryimage\"},\"thumbnailUrl\":\"https:\\\/\\\/artyplanevents.com\\\/wp-content\\\/uploads\\\/2025\\\/09\\\/casos-exito.png\",\"datePublished\":\"2025-09-11T07:40:07+00:00\",\"dateModified\":\"2025-11-11T11:37:07+00:00\",\"description\":\"Des de la idea fins al punt de venda: assessoria t\u00e8cnica, impressi\u00f3 premium, acabats professionals i lliuraments puntuals amb Artyplan.\",\"breadcrumb\":{\"@id\":\"https:\\\/\\\/artyplanevents.com\\\/ca\\\/projectes\\\/casos-dexit\\\/#breadcrumb\"},\"inLanguage\":\"ca\",\"potentialAction\":[{\"@type\":\"ReadAction\",\"target\":[\"https:\\\/\\\/artyplanevents.com\\\/ca\\\/projectes\\\/casos-dexit\\\/\"]}]},{\"@type\":\"ImageObject\",\"inLanguage\":\"ca\",\"@id\":\"https:\\\/\\\/artyplanevents.com\\\/ca\\\/projectes\\\/casos-dexit\\\/#primaryimage\",\"url\":\"https:\\\/\\\/artyplanevents.com\\\/wp-content\\\/uploads\\\/2025\\\/09\\\/casos-exito.png\",\"contentUrl\":\"https:\\\/\\\/artyplanevents.com\\\/wp-content\\\/uploads\\\/2025\\\/09\\\/casos-exito.png\",\"width\":1344,\"height\":768,\"caption\":\"Cases d\u2019\u00e8xit\"},{\"@type\":\"BreadcrumbList\",\"@id\":\"https:\\\/\\\/artyplanevents.com\\\/ca\\\/projectes\\\/casos-dexit\\\/#breadcrumb\",\"itemListElement\":[{\"@type\":\"ListItem\",\"position\":1,\"name\":\"Artyplan\",\"item\":\"https:\\\/\\\/artyplanevents.com\\\/ca\\\/\"},{\"@type\":\"ListItem\",\"position\":2,\"name\":\"Projecte\",\"item\":\"https:\\\/\\\/artyplanevents.com\\\/ca\\\/proyectos\\\/\"},{\"@type\":\"ListItem\",\"position\":3,\"name\":\"Cases d\u2019\u00e8xit\"}]},{\"@type\":\"WebSite\",\"@id\":\"https:\\\/\\\/artyplanevents.com\\\/ca\\\/#website\",\"url\":\"https:\\\/\\\/artyplanevents.com\\\/ca\\\/\",\"name\":\"Artyplan\",\"description\":\"\",\"publisher\":{\"@id\":\"https:\\\/\\\/artyplanevents.com\\\/ca\\\/#organization\"},\"potentialAction\":[{\"@type\":\"SearchAction\",\"target\":{\"@type\":\"EntryPoint\",\"urlTemplate\":\"https:\\\/\\\/artyplanevents.com\\\/ca\\\/?s={search_term_string}\"},\"query-input\":{\"@type\":\"PropertyValueSpecification\",\"valueRequired\":true,\"valueName\":\"search_term_string\"}}],\"inLanguage\":\"ca\"},{\"@type\":\"Organization\",\"@id\":\"https:\\\/\\\/artyplanevents.com\\\/ca\\\/#organization\",\"name\":\"Artyplan\",\"url\":\"https:\\\/\\\/artyplanevents.com\\\/ca\\\/\",\"logo\":{\"@type\":\"ImageObject\",\"inLanguage\":\"ca\",\"@id\":\"https:\\\/\\\/artyplanevents.com\\\/ca\\\/#\\\/schema\\\/logo\\\/image\\\/\",\"url\":\"https:\\\/\\\/preweb.artyplan.com\\\/wp-content\\\/uploads\\\/2025\\\/11\\\/Logo-artyplan-690x690-1.png\",\"contentUrl\":\"https:\\\/\\\/preweb.artyplan.com\\\/wp-content\\\/uploads\\\/2025\\\/11\\\/Logo-artyplan-690x690-1.png\",\"width\":690,\"height\":690,\"caption\":\"Artyplan\"},\"image\":{\"@id\":\"https:\\\/\\\/artyplanevents.com\\\/ca\\\/#\\\/schema\\\/logo\\\/image\\\/\"},\"sameAs\":[\"https:\\\/\\\/www.facebook.com\\\/artyplan\",\"https:\\\/\\\/x.com\\\/artyplan\"]}]}<\/script>\n<!-- \/ Yoast SEO plugin. -->","yoast_head_json":{"title":"Cases d\u2019\u00e8xit - Artyplan","description":"Des de la idea fins al punt de venda: assessoria t\u00e8cnica, impressi\u00f3 premium, acabats professionals i lliuraments puntuals amb Artyplan.","robots":{"index":"noindex","follow":"follow","max-snippet":"max-snippet:-1","max-image-preview":"max-image-preview:large","max-video-preview":"max-video-preview:-1"},"og_locale":"ca_ES","og_type":"article","og_title":"Cases d\u2019\u00e8xit - Artyplan","og_description":"Des de la idea fins al punt de venda: assessoria t\u00e8cnica, impressi\u00f3 premium, acabats professionals i lliuraments puntuals amb Artyplan.","og_url":"https:\/\/artyplanevents.com\/ca\/projectes\/casos-dexit\/","og_site_name":"Artyplan","article_publisher":"https:\/\/www.facebook.com\/artyplan","article_modified_time":"2025-11-11T11:37:07+00:00","og_image":[{"width":1344,"height":768,"url":"https:\/\/artyplanevents.com\/wp-content\/uploads\/2025\/09\/casos-exito.png","type":"image\/png"}],"twitter_card":"summary_large_image","twitter_site":"@artyplan","schema":{"@context":"https:\/\/schema.org","@graph":[{"@type":"WebPage","@id":"https:\/\/artyplanevents.com\/ca\/projectes\/casos-dexit\/","url":"https:\/\/artyplanevents.com\/ca\/projectes\/casos-dexit\/","name":"Cases d\u2019\u00e8xit - Artyplan","isPartOf":{"@id":"https:\/\/artyplanevents.com\/ca\/#website"},"primaryImageOfPage":{"@id":"https:\/\/artyplanevents.com\/ca\/projectes\/casos-dexit\/#primaryimage"},"image":{"@id":"https:\/\/artyplanevents.com\/ca\/projectes\/casos-dexit\/#primaryimage"},"thumbnailUrl":"https:\/\/artyplanevents.com\/wp-content\/uploads\/2025\/09\/casos-exito.png","datePublished":"2025-09-11T07:40:07+00:00","dateModified":"2025-11-11T11:37:07+00:00","description":"Des de la idea fins al punt de venda: assessoria t\u00e8cnica, impressi\u00f3 premium, acabats professionals i lliuraments puntuals amb Artyplan.","breadcrumb":{"@id":"https:\/\/artyplanevents.com\/ca\/projectes\/casos-dexit\/#breadcrumb"},"inLanguage":"ca","potentialAction":[{"@type":"ReadAction","target":["https:\/\/artyplanevents.com\/ca\/projectes\/casos-dexit\/"]}]},{"@type":"ImageObject","inLanguage":"ca","@id":"https:\/\/artyplanevents.com\/ca\/projectes\/casos-dexit\/#primaryimage","url":"https:\/\/artyplanevents.com\/wp-content\/uploads\/2025\/09\/casos-exito.png","contentUrl":"https:\/\/artyplanevents.com\/wp-content\/uploads\/2025\/09\/casos-exito.png","width":1344,"height":768,"caption":"Cases d\u2019\u00e8xit"},{"@type":"BreadcrumbList","@id":"https:\/\/artyplanevents.com\/ca\/projectes\/casos-dexit\/#breadcrumb","itemListElement":[{"@type":"ListItem","position":1,"name":"Artyplan","item":"https:\/\/artyplanevents.com\/ca\/"},{"@type":"ListItem","position":2,"name":"Projecte","item":"https:\/\/artyplanevents.com\/ca\/proyectos\/"},{"@type":"ListItem","position":3,"name":"Cases d\u2019\u00e8xit"}]},{"@type":"WebSite","@id":"https:\/\/artyplanevents.com\/ca\/#website","url":"https:\/\/artyplanevents.com\/ca\/","name":"Artyplan","description":"","publisher":{"@id":"https:\/\/artyplanevents.com\/ca\/#organization"},"potentialAction":[{"@type":"SearchAction","target":{"@type":"EntryPoint","urlTemplate":"https:\/\/artyplanevents.com\/ca\/?s={search_term_string}"},"query-input":{"@type":"PropertyValueSpecification","valueRequired":true,"valueName":"search_term_string"}}],"inLanguage":"ca"},{"@type":"Organization","@id":"https:\/\/artyplanevents.com\/ca\/#organization","name":"Artyplan","url":"https:\/\/artyplanevents.com\/ca\/","logo":{"@type":"ImageObject","inLanguage":"ca","@id":"https:\/\/artyplanevents.com\/ca\/#\/schema\/logo\/image\/","url":"https:\/\/preweb.artyplan.com\/wp-content\/uploads\/2025\/11\/Logo-artyplan-690x690-1.png","contentUrl":"https:\/\/preweb.artyplan.com\/wp-content\/uploads\/2025\/11\/Logo-artyplan-690x690-1.png","width":690,"height":690,"caption":"Artyplan"},"image":{"@id":"https:\/\/artyplanevents.com\/ca\/#\/schema\/logo\/image\/"},"sameAs":["https:\/\/www.facebook.com\/artyplan","https:\/\/x.com\/artyplan"]}]}},"_links":{"self":[{"href":"https:\/\/artyplanevents.com\/ca\/wp-json\/wp\/v2\/pages\/11533","targetHints":{"allow":["GET"]}}],"collection":[{"href":"https:\/\/artyplanevents.com\/ca\/wp-json\/wp\/v2\/pages"}],"about":[{"href":"https:\/\/artyplanevents.com\/ca\/wp-json\/wp\/v2\/types\/page"}],"author":[{"embeddable":true,"href":"https:\/\/artyplanevents.com\/ca\/wp-json\/wp\/v2\/users\/4"}],"replies":[{"embeddable":true,"href":"https:\/\/artyplanevents.com\/ca\/wp-json\/wp\/v2\/comments?post=11533"}],"version-history":[{"count":6,"href":"https:\/\/artyplanevents.com\/ca\/wp-json\/wp\/v2\/pages\/11533\/revisions"}],"predecessor-version":[{"id":12617,"href":"https:\/\/artyplanevents.com\/ca\/wp-json\/wp\/v2\/pages\/11533\/revisions\/12617"}],"up":[{"embeddable":true,"href":"https:\/\/artyplanevents.com\/ca\/wp-json\/wp\/v2\/pages\/11593"}],"wp:featuredmedia":[{"embeddable":true,"href":"https:\/\/artyplanevents.com\/ca\/wp-json\/wp\/v2\/media\/4770"}],"wp:attachment":[{"href":"https:\/\/artyplanevents.com\/ca\/wp-json\/wp\/v2\/media?parent=11533"}],"curies":[{"name":"wp","href":"https:\/\/api.w.org\/{rel}","templated":true}]}}